{"id":2818,"date":"2026-03-31T11:49:47","date_gmt":"2026-03-31T11:49:47","guid":{"rendered":"https:\/\/tvd-bdta.ch\/communiquer-vos-donnees-organisations-dequides\/"},"modified":"2026-04-01T11:26:26","modified_gmt":"2026-04-01T11:26:26","slug":"communiquer-vos-donnees-organisations-dequides","status":"publish","type":"page","link":"https:\/\/tvd-bdta.ch\/fr\/communiquer-vos-donnees-organisations-dequides\/","title":{"rendered":"Communiquer vos donn\u00e9es \u2013 Organisations d\u2019\u00e9quid\u00e9s"},"content":{"rendered":"<style id=\"wpforms-css-vars-2813\">\n\t\t\t\t#wpforms-2813 {\n\t\t\t\t--wpforms-field-border-color: rgba(0, 0, 0, 0.25);\n--wpforms-field-border-color-spare: rgba(0, 0, 0, 0.25);\n--wpforms-field-text-color: rgba(0, 0, 0, 0.7);\n--wpforms-label-color: rgba(0, 0, 0, 0.85);\n--wpforms-label-sublabel-color: rgba(0, 0, 0, 0.55);\n--wpforms-button-background-color: #E02A1A;\n--wpforms-background-color: rgba(0, 0, 0, 0);\n--wpforms-field-size-input-height: 43px;\n--wpforms-field-size-input-spacing: 15px;\n--wpforms-field-size-font-size: 16px;\n--wpforms-field-size-line-height: 19px;\n--wpforms-field-size-padding-h: 14px;\n--wpforms-field-size-checkbox-size: 16px;\n--wpforms-field-size-sublabel-spacing: 5px;\n--wpforms-field-size-icon-size: 1;\n--wpforms-label-size-font-size: 16px;\n--wpforms-label-size-line-height: 19px;\n--wpforms-label-size-sublabel-font-size: 14px;\n--wpforms-label-size-sublabel-line-height: 17px;\n--wpforms-button-size-font-size: 17px;\n--wpforms-button-size-height: 41px;\n--wpforms-button-size-padding-h: 15px;\n--wpforms-button-size-margin-top: 10px;\n--wpforms-container-shadow-size-box-shadow: none;\n\t\t\t}\n\t\t\t<\/style><div class=\"wpforms-container wpforms-container-full wpforms-render-modern\" id=\"wpforms-2813\"><form id=\"wpforms-form-2813\" class=\"wpforms-validate wpforms-form wpforms-ajax-form\" data-formid=\"2813\" method=\"post\" enctype=\"multipart\/form-data\" action=\"\/fr\/wp-json\/wp\/v2\/pages\/2818\" data-token=\"96da83691763392d6e9c307fbf4e5133\" data-token-time=\"1776528651\"><noscript class=\"wpforms-error-noscript\">Veuillez activer JavaScript dans votre navigateur pour remplir ce formulaire.<\/noscript><div id=\"wpforms-error-noscript\" style=\"display: none;\">Veuillez activer JavaScript dans votre navigateur pour remplir ce formulaire.<\/div><div class=\"wpforms-field-container\">\t\t<div id=\"wpforms-2813-field_3-container\"\n\t\t\tclass=\"wpforms-field wpforms-field-text\"\n\t\t\tdata-field-type=\"text\"\n\t\t\tdata-field-id=\"3\"\n\t\t\t>\n\t\t\t<label class=\"wpforms-field-label\" for=\"wpforms-2813-field_3\" >besoin AGATE de<\/label>\n\t\t\t<input type=\"text\" id=\"wpforms-2813-field_3\" class=\"wpforms-field-medium\" name=\"wpforms[fields][3]\" >\n\t\t<\/div>\n\t\t<div id=\"wpforms-2813-field_1-container\" class=\"wpforms-field wpforms-field-divider\" data-field-id=\"1\"><h3 id=\"wpforms-2813-field_1\" aria-errormessage=\"wpforms-2813-field_1-error\" aria-describedby=\"wpforms-2813-field_1-description\">Informations sur l\u2019organisation<\/h3><div id=\"wpforms-2813-field_1-description\" class=\"wpforms-field-description\">Veuillez vous assurer que les informations sont conformes au registre IDE f\u00e9d\u00e9ral.<\/div><\/div><div id=\"wpforms-2813-field_84-container\" class=\"wpforms-field wpforms-field-layout\" data-field-id=\"84\"><div class=\"wpforms-field-layout-rows wpforms-field-large\"><div class=\"wpforms-layout-row\"><div class=\"wpforms-layout-column wpforms-layout-column-50\"><div id=\"wpforms-2813-field_85-container\" class=\"wpforms-field wpforms-field-checkbox\" data-field-id=\"85\"><fieldset><legend class=\"wpforms-field-label\">Langue de correspondance<\/legend><ul id=\"wpforms-2813-field_85\"><li class=\"choice-1 depth-1\"><input type=\"checkbox\" id=\"wpforms-2813-field_85_1\" name=\"wpforms[fields][85][]\" value=\"allemand\" aria-errormessage=\"wpforms-2813-field_85_1-error\"  ><label class=\"wpforms-field-label-inline\" for=\"wpforms-2813-field_85_1\">allemand<\/label><\/li><li class=\"choice-2 depth-1\"><input type=\"checkbox\" id=\"wpforms-2813-field_85_2\" name=\"wpforms[fields][85][]\" value=\"fran\u00e7ais\" aria-errormessage=\"wpforms-2813-field_85_2-error\"  ><label class=\"wpforms-field-label-inline\" for=\"wpforms-2813-field_85_2\">fran\u00e7ais<\/label><\/li><\/ul><\/fieldset><\/div><\/div><div class=\"wpforms-layout-column wpforms-layout-column-50\"><div id=\"wpforms-2813-field_87-container\" class=\"wpforms-field wpforms-field-checkbox\" data-field-id=\"87\"><fieldset><legend class=\"wpforms-field-label\">J\u2019ai besoin de la r\u00f4le suivante :<\/legend><ul id=\"wpforms-2813-field_87\"><li class=\"choice-1 depth-1\"><input type=\"checkbox\" id=\"wpforms-2813-field_87_1\" name=\"wpforms[fields][87][]\" value=\"Organisation affili\u00e9e\" aria-errormessage=\"wpforms-2813-field_87_1-error\" aria-describedby=\"wpforms-2813-field_87-description\"  ><label class=\"wpforms-field-label-inline\" for=\"wpforms-2813-field_87_1\">Organisation affili\u00e9e<\/label><\/li><li class=\"choice-2 depth-1\"><input type=\"checkbox\" id=\"wpforms-2813-field_87_2\" name=\"wpforms[fields][87][]\" value=\"Service reconnu pour l\u2019\u00e9mission du passeport \u00e9quin\" aria-errormessage=\"wpforms-2813-field_87_2-error\" aria-describedby=\"wpforms-2813-field_87-description\"  ><label class=\"wpforms-field-label-inline\" for=\"wpforms-2813-field_87_2\">Service reconnu pour l\u2019\u00e9mission du passeport \u00e9quin<\/label><\/li><li class=\"choice-3 depth-1\"><input type=\"checkbox\" id=\"wpforms-2813-field_87_3\" name=\"wpforms[fields][87][]\" value=\"Les deux r\u00f4les\" aria-errormessage=\"wpforms-2813-field_87_3-error\" aria-describedby=\"wpforms-2813-field_87-description\"  ><label class=\"wpforms-field-label-inline\" for=\"wpforms-2813-field_87_3\">Les deux r\u00f4les<\/label><\/li><\/ul><div id=\"wpforms-2813-field_87-description\" class=\"wpforms-field-description\">Vous trouverez des informations <a href=\"https:\/\/tvd-bdta.ch\/fr\/organisations\" target=\"_blank\">ici<\/a>.<\/div><\/fieldset><\/div><\/div><\/div><\/div><\/div><div id=\"wpforms-2813-field_37-container\" class=\"wpforms-field wpforms-field-layout\" data-field-id=\"37\"><div class=\"wpforms-field-layout-rows wpforms-field-large\"><div class=\"wpforms-layout-row\"><div class=\"wpforms-layout-column wpforms-layout-column-33\"><\/div><div class=\"wpforms-layout-column wpforms-layout-column-33\"><div id=\"wpforms-2813-field_9-container\" class=\"wpforms-field wpforms-field-text\" data-field-id=\"9\"><label class=\"wpforms-field-label\" for=\"wpforms-2813-field_9\">Organisation <span class=\"wpforms-required-label\" aria-hidden=\"true\">*<\/span><\/label><input type=\"text\" id=\"wpforms-2813-field_9\" class=\"wpforms-field-small wpforms-field-required\" name=\"wpforms[fields][9]\" aria-errormessage=\"wpforms-2813-field_9-error\" required><\/div><\/div><div class=\"wpforms-layout-column wpforms-layout-column-33\"><\/div><\/div><div class=\"wpforms-layout-row\"><div class=\"wpforms-layout-column wpforms-layout-column-33\"><\/div><div class=\"wpforms-layout-column wpforms-layout-column-33\"><div id=\"wpforms-2813-field_10-container\" class=\"wpforms-field wpforms-field-text\" data-field-id=\"10\"><label class=\"wpforms-field-label\" for=\"wpforms-2813-field_10\">IDE <span class=\"wpforms-required-label\" aria-hidden=\"true\">*<\/span><\/label><input type=\"text\" id=\"wpforms-2813-field_10\" class=\"wpforms-field-small wpforms-field-required\" name=\"wpforms[fields][10]\" aria-errormessage=\"wpforms-2813-field_10-error\" aria-describedby=\"wpforms-2813-field_10-description\" required><div id=\"wpforms-2813-field_10-description\" class=\"wpforms-field-description\">Vous n'avez pas encore d'IDE en tant qu'association ou organisation ? Vous pouvez demander un IDE aupr\u00e8s de <a href=\"https:\/\/www.bfs.admin.ch\/bfs\/de\/home\/register\/unternehmensregister\/unternehmens-identifikationsnummer\/informationen-unternehmen\/meine-uid.assetdetail.35587884.html\" target=\"_blank\">l'Office f\u00e9d\u00e9ral de la statistique (OFS)<\/a>.\n\n<p><\/p>\n<div style=\"background-color:#fff3cd;border-left:4px solid #ffc107;padding:12px 16px;\">\n  <strong>Remarque: <\/strong> Le formulaire demande \u00e9galement une IDE. Veuillez indiquer <strong> ZZZ-IDE <\/strong> en tant qu\u2019organisation \u00e9trang\u00e8re. <\/div><\/div><\/div><\/div><div class=\"wpforms-layout-column wpforms-layout-column-33\"><\/div><\/div><div class=\"wpforms-layout-row\"><div class=\"wpforms-layout-column wpforms-layout-column-33\"><\/div><div class=\"wpforms-layout-column wpforms-layout-column-33\"><div id=\"wpforms-2813-field_78-container\" class=\"wpforms-field wpforms-field-address\" data-field-id=\"78\"><fieldset><legend class=\"wpforms-field-label\">Adresse <span class=\"wpforms-required-label\" aria-hidden=\"true\">*<\/span><\/legend><div class=\"wpforms-field-row wpforms-field-medium\"><div ><input type=\"text\" id=\"wpforms-2813-field_78\" class=\"wpforms-field-address-address1 wpforms-field-required\" name=\"wpforms[fields][78][address1]\" placeholder=\"Compl\u00e9ment d\u2019adresse\" aria-errormessage=\"wpforms-2813-field_78-error\" required><label for=\"wpforms-2813-field_78\" class=\"wpforms-field-sublabel after wpforms-sublabel-hide\">Adresse ligne\u00a01<\/label><\/div><\/div><div class=\"wpforms-field-row wpforms-field-medium\"><div ><input type=\"text\" id=\"wpforms-2813-field_78-address2\" class=\"wpforms-field-address-address2\" name=\"wpforms[fields][78][address2]\" placeholder=\"Rue Num\u00e9ro\" aria-errormessage=\"wpforms-2813-field_78-address2-error\" ><label for=\"wpforms-2813-field_78-address2\" class=\"wpforms-field-sublabel after wpforms-sublabel-hide\">Adresse ligne 2<\/label><\/div><\/div><div class=\"wpforms-field-row wpforms-field-medium\"><div class=\"wpforms-field-row-block wpforms-one-half wpforms-first\"><input type=\"text\" id=\"wpforms-2813-field_78-city\" class=\"wpforms-field-address-city wpforms-field-required\" name=\"wpforms[fields][78][city]\" placeholder=\"NPA\" aria-errormessage=\"wpforms-2813-field_78-city-error\" required><label for=\"wpforms-2813-field_78-city\" class=\"wpforms-field-sublabel after wpforms-sublabel-hide\">Ville<\/label><\/div><div class=\"wpforms-field-row-block wpforms-one-half\"><input type=\"text\" id=\"wpforms-2813-field_78-state\" class=\"wpforms-field-address-state wpforms-field-required\" name=\"wpforms[fields][78][state]\" placeholder=\"Ville\" aria-errormessage=\"wpforms-2813-field_78-state-error\" required><label for=\"wpforms-2813-field_78-state\" class=\"wpforms-field-sublabel after wpforms-sublabel-hide\">\u00c9tat \/ Province \/ R\u00e9gion<\/label><\/div><\/div><\/fieldset><\/div><\/div><div class=\"wpforms-layout-column wpforms-layout-column-33\"><\/div><\/div><\/div><\/div><div id=\"wpforms-2813-field_2-container\" class=\"wpforms-field wpforms-field-divider\" data-field-id=\"2\"><h3 id=\"wpforms-2813-field_2\" aria-errormessage=\"wpforms-2813-field_2-error\" aria-describedby=\"wpforms-2813-field_2-description\">Donn\u00e9es relatives \u00e0 l\u2019administrateur<\/h3><div id=\"wpforms-2813-field_2-description\" class=\"wpforms-field-description\">Veuillez saisir les coordonn\u00e9es de la personne qui doit \u00eatre cr\u00e9\u00e9e en tant qu\u2019administrateur.<\/div><\/div><div id=\"wpforms-2813-field_22-container\" class=\"wpforms-field wpforms-field-layout\" data-field-id=\"22\"><div class=\"wpforms-field-layout-rows wpforms-field-large\"><div class=\"wpforms-layout-row\"><div class=\"wpforms-layout-column wpforms-layout-column-33\"><\/div><div class=\"wpforms-layout-column wpforms-layout-column-33\"><div id=\"wpforms-2813-field_32-container\" class=\"wpforms-field wpforms-field-text\" data-field-id=\"32\"><label class=\"wpforms-field-label\" for=\"wpforms-2813-field_32\">Pr\u00e9nom <span class=\"wpforms-required-label\" aria-hidden=\"true\">*<\/span><\/label><input type=\"text\" id=\"wpforms-2813-field_32\" class=\"wpforms-field-medium wpforms-field-required\" name=\"wpforms[fields][32]\" aria-errormessage=\"wpforms-2813-field_32-error\" required><\/div><\/div><div class=\"wpforms-layout-column wpforms-layout-column-33\"><div id=\"wpforms-2813-field_33-container\" class=\"wpforms-field wpforms-field-text\" data-field-id=\"33\"><label class=\"wpforms-field-label\" for=\"wpforms-2813-field_33\">Nom <span class=\"wpforms-required-label\" aria-hidden=\"true\">*<\/span><\/label><input type=\"text\" id=\"wpforms-2813-field_33\" class=\"wpforms-field-medium wpforms-field-required\" name=\"wpforms[fields][33]\" aria-errormessage=\"wpforms-2813-field_33-error\" required><\/div><\/div><\/div><div class=\"wpforms-layout-row\"><div class=\"wpforms-layout-column wpforms-layout-column-33\"><\/div><div class=\"wpforms-layout-column wpforms-layout-column-33\"><div id=\"wpforms-2813-field_27-container\" class=\"wpforms-field wpforms-field-text\" data-field-id=\"27\"><label class=\"wpforms-field-label\" for=\"wpforms-2813-field_27\">Num\u00e9ro de t\u00e9l\u00e9phone <span class=\"wpforms-required-label\" aria-hidden=\"true\">*<\/span><\/label><input type=\"text\" id=\"wpforms-2813-field_27\" class=\"wpforms-field-medium wpforms-field-required\" name=\"wpforms[fields][27]\" aria-errormessage=\"wpforms-2813-field_27-error\" required><\/div><\/div><div class=\"wpforms-layout-column wpforms-layout-column-33\"><div id=\"wpforms-2813-field_25-container\" class=\"wpforms-field wpforms-field-email\" data-field-id=\"25\"><label class=\"wpforms-field-label\" for=\"wpforms-2813-field_25\">Adresse e-mail <span class=\"wpforms-required-label\" aria-hidden=\"true\">*<\/span><\/label><input type=\"email\" id=\"wpforms-2813-field_25\" class=\"wpforms-field-medium wpforms-field-required\" name=\"wpforms[fields][25]\" spellcheck=\"false\" aria-errormessage=\"wpforms-2813-field_25-error\" required><\/div><\/div><\/div><div class=\"wpforms-layout-row\"><div class=\"wpforms-layout-column wpforms-layout-column-33\"><\/div><div class=\"wpforms-layout-column wpforms-layout-column-33\"><div id=\"wpforms-2813-field_83-container\" class=\"wpforms-field wpforms-field-text\" data-field-id=\"83\"><label class=\"wpforms-field-label\" for=\"wpforms-2813-field_83\">Num\u00e9ro AGATE administrateur <span class=\"wpforms-required-label\" aria-hidden=\"true\">*<\/span><\/label><input type=\"text\" id=\"wpforms-2813-field_83\" class=\"wpforms-field-medium wpforms-field-required\" name=\"wpforms[fields][83]\" aria-errormessage=\"wpforms-2813-field_83-error\" required><\/div><\/div><div class=\"wpforms-layout-column wpforms-layout-column-33\"><\/div><\/div><\/div><\/div><div id=\"wpforms-2813-field_77-container\" class=\"wpforms-field wpforms-field-checkbox\" data-field-id=\"77\"><fieldset><legend class=\"wpforms-field-label\">Protection des donn\u00e9es <span class=\"wpforms-required-label\" aria-hidden=\"true\">*<\/span><\/legend><ul id=\"wpforms-2813-field_77\" class=\"wpforms-field-required\"><li class=\"choice-1 depth-1\"><input type=\"checkbox\" id=\"wpforms-2813-field_77_1\" name=\"wpforms[fields][77][]\" value=\"Je confirme l&#039;exactitude de mes donn\u00e9es et j\u2019accepte &lt;a href=&quot;Politique&quot; target=&quot;_blank&quot;&gt; la politique de protection des donn\u00e9es &lt;\/a&gt;.\" aria-errormessage=\"wpforms-2813-field_77_1-error\" required ><label class=\"wpforms-field-label-inline\" for=\"wpforms-2813-field_77_1\">Je confirme l'exactitude de mes donn\u00e9es et j\u2019accepte <a href=\"Politique\" target=\"_blank\"> la politique de protection des donn\u00e9es <\/a>.<\/label><\/li><\/ul><\/fieldset><\/div><script>\n\t\t\t\t( function() {\n\t\t\t\t\tconst style = document.createElement( 'style' );\n\t\t\t\t\tstyle.appendChild( document.createTextNode( '#wpforms-2813-field_3-container { position: absolute !important; overflow: hidden !important; display: inline !important; height: 1px !important; width: 1px !important; z-index: -1000 !important; padding: 0 !important; } #wpforms-2813-field_3-container input { visibility: hidden; } #wpforms-conversational-form-page #wpforms-2813-field_3-container label { counter-increment: none; }' ) );\n\t\t\t\t\tdocument.head.appendChild( style );\n\t\t\t\t\tdocument.currentScript?.remove();\n\t\t\t\t} )();\n\t\t\t<\/script><\/div><!-- .wpforms-field-container --><div class=\"wpforms-recaptcha-container wpforms-is-turnstile\" ><div class=\"wpforms-turnstile\" data-sitekey=\"0x4AAAAAACGA2FSN2sRRa4Sd\" data-action=\"FormID-2813\"><\/div><input type=\"text\" name=\"g-recaptcha-hidden\" class=\"wpforms-recaptcha-hidden\" style=\"position:absolute!important;clip:rect(0,0,0,0)!important;height:1px!important;width:1px!important;border:0!important;overflow:hidden!important;padding:0!important;margin:0!important;\" data-rule-turnstile=\"1\"><\/div><div class=\"wpforms-submit-container\" ><input type=\"hidden\" name=\"wpforms[id]\" value=\"2813\"><input type=\"hidden\" name=\"page_title\" value=\"\"><input type=\"hidden\" name=\"page_url\" value=\"https:\/\/tvd-bdta.ch\/fr\/wp-json\/wp\/v2\/pages\/2818\"><input type=\"hidden\" name=\"url_referer\" value=\"\"><button type=\"submit\" name=\"wpforms[submit]\" id=\"wpforms-submit-2813\" class=\"wpforms-submit\" data-alt-text=\"Wird gesendet\u00a0\u2026\" data-submit-text=\"Envoyer les donn\u00e9es maintenant\" aria-live=\"assertive\" value=\"wpforms-submit\">Envoyer les donn\u00e9es maintenant<\/button><img loading=\"lazy\" decoding=\"async\" src=\"https:\/\/tvd-bdta.ch\/wp-content\/plugins\/wpforms\/assets\/images\/submit-spin.svg\" class=\"wpforms-submit-spinner\" style=\"display: none;\" width=\"26\" height=\"26\" alt=\"Chargement en cours\"><\/div><\/form><\/div>  <!-- .wpforms-container -->\n","protected":false},"excerpt":{"rendered":"","protected":false},"author":2,"featured_media":-1,"parent":0,"menu_order":0,"comment_status":"closed","ping_status":"closed","template":"","meta":{"footnotes":""},"class_list":["post-2818","page","type-page","status-publish","has-post-thumbnail","hentry"],"_links":{"self":[{"href":"https:\/\/tvd-bdta.ch\/fr\/wp-json\/wp\/v2\/pages\/2818","targetHints":{"allow":["GET"]}}],"collection":[{"href":"https:\/\/tvd-bdta.ch\/fr\/wp-json\/wp\/v2\/pages"}],"about":[{"href":"https:\/\/tvd-bdta.ch\/fr\/wp-json\/wp\/v2\/types\/page"}],"author":[{"embeddable":true,"href":"https:\/\/tvd-bdta.ch\/fr\/wp-json\/wp\/v2\/users\/2"}],"replies":[{"embeddable":true,"href":"https:\/\/tvd-bdta.ch\/fr\/wp-json\/wp\/v2\/comments?post=2818"}],"version-history":[{"count":0,"href":"https:\/\/tvd-bdta.ch\/fr\/wp-json\/wp\/v2\/pages\/2818\/revisions"}],"wp:featuredmedia":[{"embeddable":true,"href":"https:\/\/tvd-bdta.ch\/fr\/wp-json\/"}],"wp:attachment":[{"href":"https:\/\/tvd-bdta.ch\/fr\/wp-json\/wp\/v2\/media?parent=2818"}],"curies":[{"name":"wp","href":"https:\/\/api.w.org\/{rel}","templated":true}]}}